{"id":374,"date":"2022-02-18T12:46:43","date_gmt":"2022-02-18T12:46:43","guid":{"rendered":"https:\/\/toeffli-velo-bude.ch\/?page_id=374"},"modified":"2022-08-29T20:34:18","modified_gmt":"2022-08-29T20:34:18","slug":"toeffli-2","status":"publish","type":"page","link":"https:\/\/toeffli-velo-bude.ch\/?page_id=374","title":{"rendered":"T\u00d6FFLI"},"content":{"rendered":"","protected":false},"excerpt":{"rendered":"","protected":false},"author":1,"featured_media":0,"parent":0,"menu_order":0,"comment_status":"closed","ping_status":"closed","template":"","meta":{"footnotes":""},"class_list":["post-374","page","type-page","status-publish","hentry"],"yoast_head":"<!-- This site is optimized with the Yoast SEO plugin v27.5 - https:\/\/yoast.com\/product\/yoast-seo-wordpress\/ -->\n<title>T\u00d6FFLI - T\u00f6ffli &amp; Velo Bude<\/title>\n<meta name=\"robots\" content=\"index, follow, max-snippet:-1, max-image-preview:large, max-video-preview:-1\" \/>\n<link rel=\"canonical\" href=\"https:\/\/toeffli-velo-bude.ch\/?page_id=374\" \/>\n<meta property=\"og:locale\" content=\"de_DE\" \/>\n<meta property=\"og:type\" content=\"article\" \/>\n<meta property=\"og:title\" content=\"T\u00d6FFLI - T\u00f6ffli &amp; Velo Bude\" \/>\n<meta property=\"og:url\" content=\"https:\/\/toeffli-velo-bude.ch\/?page_id=374\" \/>\n<meta property=\"og:site_name\" content=\"T\u00f6ffli &amp; Velo Bude\" \/>\n<meta property=\"article:modified_time\" content=\"2022-08-29T20:34:18+00:00\" \/>\n<meta name=\"twitter:card\" content=\"summary_large_image\" \/>\n<script type=\"application\/ld+json\" class=\"yoast-schema-graph\">{\"@context\":\"https:\\\/\\\/schema.org\",\"@graph\":[{\"@type\":\"WebPage\",\"@id\":\"https:\\\/\\\/toeffli-velo-bude.ch\\\/?page_id=374\",\"url\":\"https:\\\/\\\/toeffli-velo-bude.ch\\\/?page_id=374\",\"name\":\"T\u00d6FFLI - T\u00f6ffli &amp; Velo Bude\",\"isPartOf\":{\"@id\":\"https:\\\/\\\/toeffli-velo-bude.ch\\\/#website\"},\"datePublished\":\"2022-02-18T12:46:43+00:00\",\"dateModified\":\"2022-08-29T20:34:18+00:00\",\"breadcrumb\":{\"@id\":\"https:\\\/\\\/toeffli-velo-bude.ch\\\/?page_id=374#breadcrumb\"},\"inLanguage\":\"de\",\"potentialAction\":[{\"@type\":\"ReadAction\",\"target\":[\"https:\\\/\\\/toeffli-velo-bude.ch\\\/?page_id=374\"]}]},{\"@type\":\"BreadcrumbList\",\"@id\":\"https:\\\/\\\/toeffli-velo-bude.ch\\\/?page_id=374#breadcrumb\",\"itemListElement\":[{\"@type\":\"ListItem\",\"position\":1,\"name\":\"Startseite\",\"item\":\"https:\\\/\\\/toeffli-velo-bude.ch\\\/\"},{\"@type\":\"ListItem\",\"position\":2,\"name\":\"T\u00d6FFLI\"}]},{\"@type\":\"WebSite\",\"@id\":\"https:\\\/\\\/toeffli-velo-bude.ch\\\/#website\",\"url\":\"https:\\\/\\\/toeffli-velo-bude.ch\\\/\",\"name\":\"T\u00f6ffli &amp; Velo Bude\",\"description\":\"Ihr Partner f\u00fcr Zweir\u00e4der in Zollbr\u00fcck.\",\"potentialAction\":[{\"@type\":\"SearchAction\",\"target\":{\"@type\":\"EntryPoint\",\"urlTemplate\":\"https:\\\/\\\/toeffli-velo-bude.ch\\\/?s={search_term_string}\"},\"query-input\":{\"@type\":\"PropertyValueSpecification\",\"valueRequired\":true,\"valueName\":\"search_term_string\"}}],\"inLanguage\":\"de\"}]}<\/script>\n<!-- \/ Yoast SEO plugin. -->","yoast_head_json":{"title":"T\u00d6FFLI - T\u00f6ffli &amp; Velo Bude","robots":{"index":"index","follow":"follow","max-snippet":"max-snippet:-1","max-image-preview":"max-image-preview:large","max-video-preview":"max-video-preview:-1"},"canonical":"https:\/\/toeffli-velo-bude.ch\/?page_id=374","og_locale":"de_DE","og_type":"article","og_title":"T\u00d6FFLI - T\u00f6ffli &amp; Velo Bude","og_url":"https:\/\/toeffli-velo-bude.ch\/?page_id=374","og_site_name":"T\u00f6ffli &amp; Velo Bude","article_modified_time":"2022-08-29T20:34:18+00:00","twitter_card":"summary_large_image","schema":{"@context":"https:\/\/schema.org","@graph":[{"@type":"WebPage","@id":"https:\/\/toeffli-velo-bude.ch\/?page_id=374","url":"https:\/\/toeffli-velo-bude.ch\/?page_id=374","name":"T\u00d6FFLI - T\u00f6ffli &amp; Velo Bude","isPartOf":{"@id":"https:\/\/toeffli-velo-bude.ch\/#website"},"datePublished":"2022-02-18T12:46:43+00:00","dateModified":"2022-08-29T20:34:18+00:00","breadcrumb":{"@id":"https:\/\/toeffli-velo-bude.ch\/?page_id=374#breadcrumb"},"inLanguage":"de","potentialAction":[{"@type":"ReadAction","target":["https:\/\/toeffli-velo-bude.ch\/?page_id=374"]}]},{"@type":"BreadcrumbList","@id":"https:\/\/toeffli-velo-bude.ch\/?page_id=374#breadcrumb","itemListElement":[{"@type":"ListItem","position":1,"name":"Startseite","item":"https:\/\/toeffli-velo-bude.ch\/"},{"@type":"ListItem","position":2,"name":"T\u00d6FFLI"}]},{"@type":"WebSite","@id":"https:\/\/toeffli-velo-bude.ch\/#website","url":"https:\/\/toeffli-velo-bude.ch\/","name":"T\u00f6ffli &amp; Velo Bude","description":"Ihr Partner f\u00fcr Zweir\u00e4der in Zollbr\u00fcck.","potentialAction":[{"@type":"SearchAction","target":{"@type":"EntryPoint","urlTemplate":"https:\/\/toeffli-velo-bude.ch\/?s={search_term_string}"},"query-input":{"@type":"PropertyValueSpecification","valueRequired":true,"valueName":"search_term_string"}}],"inLanguage":"de"}]}},"_links":{"self":[{"href":"https:\/\/toeffli-velo-bude.ch\/index.php?rest_route=\/wp\/v2\/pages\/374","targetHints":{"allow":["GET"]}}],"collection":[{"href":"https:\/\/toeffli-velo-bude.ch\/index.php?rest_route=\/wp\/v2\/pages"}],"about":[{"href":"https:\/\/toeffli-velo-bude.ch\/index.php?rest_route=\/wp\/v2\/types\/page"}],"author":[{"embeddable":true,"href":"https:\/\/toeffli-velo-bude.ch\/index.php?rest_route=\/wp\/v2\/users\/1"}],"replies":[{"embeddable":true,"href":"https:\/\/toeffli-velo-bude.ch\/index.php?rest_route=%2Fwp%2Fv2%2Fcomments&post=374"}],"version-history":[{"count":1,"href":"https:\/\/toeffli-velo-bude.ch\/index.php?rest_route=\/wp\/v2\/pages\/374\/revisions"}],"predecessor-version":[{"id":375,"href":"https:\/\/toeffli-velo-bude.ch\/index.php?rest_route=\/wp\/v2\/pages\/374\/revisions\/375"}],"wp:attachment":[{"href":"https:\/\/toeffli-velo-bude.ch\/index.php?rest_route=%2Fwp%2Fv2%2Fmedia&parent=374"}],"curies":[{"name":"wp","href":"https:\/\/api.w.org\/{rel}","templated":true}]}}